{"id":3,"date":"2020-08-29T07:35:10","date_gmt":"2020-08-29T05:35:10","guid":{"rendered":"https:\/\/escuelawaldorfvalencia.com\/?page_id=3"},"modified":"2021-10-21T10:21:43","modified_gmt":"2021-10-21T08:21:43","slug":"privacy-policy","status":"publish","type":"page","link":"https:\/\/escuelawaldorfvalencia.com\/en\/privacy-policy\/","title":{"rendered":"Privacy policy"},"content":{"rendered":"\n<p>Tu privacidad est\u00e1 garantizada en esta web<\/p>\n\n\n\n<p>En esta pol\u00edtica de privacidad se explican las condiciones que se aplican a la hora de capturar, gestionar y almacenar los datos de los Usuarios que visitan esta p\u00e1gina web y facilitan sus datos personales a trav\u00e9s de los formularios de contacto, registro, suscripci\u00f3n o compra habilitados en esta web.<\/p>\n\n\n\n<p>Esta web cumple con todas y cada una de las regulaciones que protegen la informaci\u00f3n personal de sus usuarios, suscriptores y compradores que se relacionan con esta web, concretamente:<\/p>\n\n\n\n<ul><li>El Reglamento UE 2016\/679, del Parlamento Europeo y del Consejo de 27 de abril de 2016. (RGPD)&nbsp;<\/li><li>La Ley Org\u00e1nica 3\/2018, de 5 de diciembre, de Protecci\u00f3n de Datos Personales y garant\u00eda de los derechos digitales,&nbsp;<\/li><\/ul>\n\n\n\n<p>Mediante la aceptaci\u00f3n de esta Pol\u00edtica de Privacidad, prestas tu consentimiento informado, expreso, libre e inequ\u00edvoco para que los Datos que proporcionas, sean tratados por FUNDACI\u00d3N WALDORF VALENCIA DE LA COMUNITAT VALENCIANA como responsable del tratamiento, y sobre los que se aplican las medidas de seguridad, t\u00e9cnicas y organizativas previstas en las normativas vigente.<\/p>\n\n\n\n<h2 class=\"wp-block-heading\">Responsable de esta web<\/h2>\n\n\n\n<ul><li><strong>El titular:<\/strong>&nbsp;FUNDACI\u00d3N WALDORF VALENCIA DE LA COMUNITAT VALENCIANA<\/li><li><strong>NIF:<\/strong>&nbsp;G40575060<\/li><li><strong>Direcci\u00f3n:<\/strong>&nbsp;Camino cebolla, 5, 46540 El Puig de Santa Maria, Valencia (Espa\u00f1a)<\/li><li><strong>Tel\u00e9fono:<\/strong>&nbsp;+34 691 519 765<\/li><li><strong>Correo electr\u00f3nico:<\/strong>&nbsp;info@escuelawaldorfvalencia.com<\/li><\/ul>\n\n\n\n<h2 class=\"wp-block-heading\">Datos que se recogen en esta web<\/h2>\n\n\n\n<p>Los datos personales que se recogen y tratan en esta web son suministrados directamente por los propios usuarios, concretamente, se recogen y tratan datos provenientes de:<\/p>\n\n\n\n<ul><li>Formulario de contacto&nbsp;<\/li><\/ul>\n\n\n\n<h3 class=\"wp-block-heading\">Legitimaci\u00f3n para el tratamiento de tus datos<\/h3>\n\n\n\n<p>Para contactar o requerir informaci\u00f3n sobre esta web y sus servicios, se requiere el consentimiento con esta pol\u00edtica de privacidad.<\/p>\n\n\n\n<p>La base legal para el tratamiento de los datos de las personas que contraten la membres\u00eda ESCUELAWALDORFVALENCIA o que adquieran cualquiera de los productos ofrecidos en la tienda es la <strong>ejecuci\u00f3n del contrato.<\/strong><\/p>\n\n\n\n<p>Para alta de afiliados, la base legal es la relaci\u00f3n contractual con el afiliado.<\/p>\n\n\n\n<h3 class=\"wp-block-heading\">Categor\u00eda de datos personales que se requieren<\/h3>\n\n\n\n<ul><li><strong>Para contactar:<\/strong><\/li><\/ul>\n\n\n\n<p>Se requieren datos Identificativos: (Nombre y apeillidos, correo electr\u00f3nico, tel\u00e9fono, direcci\u00f3n, fecha nacimiento hijos)<\/p>\n\n\n\n<ul><li><strong>Para suscribirse al blog<\/strong><\/li><\/ul>\n\n\n\n<p>Nombre de usuario y correo electr\u00f3nico<\/p>\n\n\n\n<h3 class=\"wp-block-heading\">\u00bfCon qu\u00e9 finalidad se tratan tus datos personales?<\/h3>\n\n\n\n<p>El env\u00edo de datos de car\u00e1cter personal en esta web es obligatorio para contactar, solicitar la admisi\u00f3n enla escuela, o solicitar cualquiera de los servicios ofrecidos por ESCUELAWALDORFVALENCIA:<\/p>\n\n\n\n<p>Los datos requeridos son adecuados y pertinentes para la finalidad que se comunica.&nbsp;<\/p>\n\n\n\n<p>Concretamente, los datos recogidos en ESCUELAWALDORFVALENCIA ser\u00e1n tratados con las siguientes finalidades:<\/p>\n\n\n\n<ul><li>Gestionar los servicios solicitados, incluyendo soporte, facturaci\u00f3n, atenci\u00f3n al cliente, env\u00edo, etc.<\/li><li>Para publicar testimonios, incluyendo im\u00e1genes de las personas que nos den su autorizaci\u00f3n.<\/li><\/ul>\n\n\n\n<p><strong>Y tambi\u00e9n:<\/strong><\/p>\n\n\n\n<ul><li>Para promocionar los servicios de ESCUELAWALDORFVALENCIA: Por ejemplo, si dejas tu informaci\u00f3n personal en alguno de los formularios de contacto, ESCUELAWALDORFVALENCIA puede utilizar esos datos para enviarle informaci\u00f3n sobre sus servicios en el caso de que esta sea requerida, incluyendo promociones especiales en funci\u00f3n de sus intereses, por ejemplo, a trav\u00e9s de campa\u00f1as de marketing por correo electr\u00f3nico.<\/li><li>Para moderar y responder a los comentarios que realicen los Usuarios en los canales habilitados por ESCUELAWALDORFVALENCIA.<\/li><li>Proporcionar informaci\u00f3n a colaboradores de ESCUELAWALDORFVALENCIA y que prestan servicios estrictamente necesarios para el desarrollo de los servicios prestados por ESCUELAWALDORFVALENCIA, como desarrolladores, Hosting, servicios de mensajer\u00eda y almacenamiento y comunicaci\u00f3n.<\/li><\/ul>\n\n\n\n<p>En cada uno de los casos, como Usuario tendr\u00e1s plenos derechos sobre tus datos personales y sobre el uso de los mismos y podr\u00e1s ejercitarlos en cualquier momento.<\/p>\n\n\n\n<p>Tambi\u00e9n se recogen otros datos no identificativos que se obtienen mediante algunas cookies que se descargan en el ordenador del usuario cuando navega en esta web que detallo en la <a href=\"https:\/\/escuelawaldorfvalencia.com\/politica-de-cookies\/\" data-type=\"page\" data-id=\"11306\">pol\u00edtica de cookies<\/a>.<\/p>\n\n\n\n<p>En caso de no autorizar el tratamiento de tus datos con las finalidades se\u00f1aladas podr\u00e1s ejercer <strong>tu derecho de oposici\u00f3n al tratamiento<\/strong> de tus datos en los t\u00e9rminos y condiciones previstas en el siguiente apartado.<\/p>\n\n\n\n<h3 class=\"wp-block-heading\">\u00bfCu\u00e1les son tus derechos cuando facilitas tus datos?<\/h3>\n\n\n\n<p>Para ayudarte a asegurar la protecci\u00f3n y la privacidad de tus datos personales, el RGPD te otorga varios derechos mediante los cuales, puedes realizar una solicitud espec\u00edfica y tener la seguridad de que los datos personales que facilitas en esta web, no se utilizan de forma incorrecta para fines que no sean leg\u00edtimos con la finalidad para la que nos los has proporcionado.<\/p>\n\n\n\n<p>Concretamente, tienes los siguientes derechos:<\/p>\n\n\n\n<p><strong>Acceder a la informaci\u00f3n sobre sus Datos personales<\/strong><\/p>\n\n\n\n<p>Tienes derecho a saber si en esta web se utilizan tus datos personales y como son utilizados.<\/p>\n\n\n\n<p><strong>Comprobar que tus Datos personales sean correctos<\/strong><\/p>\n\n\n\n<p>Tienes derecho a comprobar que se utiliza informaci\u00f3n correcta y actualizada sobre ti.<\/p>\n\n\n\n<p><strong>Suprimir tus datos personales<\/strong><\/p>\n\n\n\n<p>Puedes solicitar que se supriman datos que no son necesarios para una finalidad espec\u00edfica, por ejemplo, un contrato o un requisito legal. Tambi\u00e9n a retirar el consentimiento que puedas haber dado previamente.<\/p>\n\n\n\n<p><strong>Limitar la forma de utilizar tus Datos personales<\/strong><\/p>\n\n\n\n<p>Puedes pedirnos que limitemos el tratamiento de tus datos a unas finalidades concretas, por ejemplo, prestarte un servicio.<\/p>\n\n\n\n<p><strong>Portar tus datos a otra empresa:<\/strong><\/p>\n\n\n\n<p>Puedes pedirnos que enviemos a otra empresa los datos que has facilitado en esta web.<\/p>\n\n\n\n<p>El archivo proporcionar\u00e1 los Datos personales que hayas facilitado de forma activa y consciente, as\u00ed como los datos que se hayan obtenido de forma pasiva cuando utilizaste servicios ofrecidos en esta web.<\/p>\n\n\n\n<p><strong>Retirar tu consentimiento<\/strong><\/p>\n\n\n\n<p>Cuando se requieran datos basados en su consentimiento, tienes el derecho de cambiar de opini\u00f3n y retirar tu consentimiento en cualquier momento.<\/p>\n\n\n\n<p><strong>Presentar una queja ante las autoridades de control de protecci\u00f3n de datos locales<\/strong><\/p>\n\n\n\n<p>Si no est\u00e1s satisfecho con la forma en que se tratan tus datos en esta web o c\u00f3mo se ha respondido al ejercicio de tus derechos, tienes derecho a presentar una ante las autoridades de control de protecci\u00f3n de datos locales.<\/p>\n\n\n\n<h3 class=\"wp-block-heading\">\u00bfQuieres un formulario para el ejercicio de Derechos?&nbsp;&nbsp;&nbsp;&nbsp;<\/h3>\n\n\n\n<p>Existe un formulario para el ejercicio de tus derechos, lo puedes solicitar&nbsp; por email o si lo prefieres, puedes usar <a href=\"https:\/\/www.aepd.es\/es\/derechos-y-deberes\/conoce-tus-derechos\" target=\"_blank\" rel=\"noreferrer noopener\">los elaborados por la Agencia Espa\u00f1ola de Protecci\u00f3n de Datos o terceros.<\/a><\/p>\n\n\n\n<p>Si te representa alguien, debes adjuntar copia de su DNI, o que lo firme con su firma electr\u00f3nica.<\/p>\n\n\n\n<p>Los formularios pueden ser presentados presencialmente, enviados por carta o por mail en la direcci\u00f3n del responsable al inicio de este texto.<\/p>\n\n\n\n<h3 class=\"wp-block-heading\">\u00bfD\u00f3nde puedes escribir para solicitar al Ejercicio de Derechos?<\/h3>\n\n\n\n<p>Para ejercitar estos derechos puedes contactar a: <strong><strong>info@escuelawaldorfvalencia.com<\/strong><\/strong><\/p>\n\n\n\n<p><strong>\u00bfPor cu\u00e1nto tiempo se conservar\u00e1n tus datos?<\/strong><\/p>\n\n\n\n<p>Los datos personales ser\u00e1n mantenidos mientras sigas vinculado como usuario o cliente de ESCUELAWALDORFVALENCIA.COM o como cliente de nuestra tienda.<\/p>\n\n\n\n<p>Una vez te desvincules, los datos personales tratados en cada finalidad se mantendr\u00e1n durante los plazos legalmente previstos, incluido el plazo en el que un juez o tribunal los pueda requerir atendiendo al plazo de prescripci\u00f3n de acciones judiciales.<\/p>\n\n\n\n<p>Los datos tratados se mantendr\u00e1n en tanto no expiren los plazos legales aludidos anteriormente, si hubiera obligaci\u00f3n legal de mantenimiento, o de no existir ese plazo legal, hasta que el interesado solicite su supresi\u00f3n o revoque el consentimiento otorgado.<\/p>\n\n\n\n<p>Se mantendr\u00e1 toda la informaci\u00f3n y comunicaciones relativas a la prestaci\u00f3n de los servicios vinculados al Membership site o a la tienda online, mientras dure la relaci\u00f3n comercial, para atender posibles reclamaciones.<\/p>\n\n\n\n<h3 class=\"wp-block-heading\">\u00bfA qu\u00e9 destinatarios se comunicar\u00e1n tus datos?<\/h3>\n\n\n\n<p>Tus datos no se ceder\u00e1n a terceros, salvo obligaci\u00f3n legal. En concreto se comunicar\u00e1n a la Agencia Estatal de la Administraci\u00f3n Tributaria y a bancos y entidades financieras para cobros, como a los encargados del tratamiento necesarios para la ejecuci\u00f3n del contrato.<\/p>\n\n\n\n<p>Proveedores de servicios, como proveedores de sistemas inform\u00e1ticos y servicios para la automatizaci\u00f3n del marketing digital y anal\u00edtica como:<\/p>\n\n\n\n<p><strong>Nombre de proveedor de Hosting: <\/strong>adw.es<\/p>\n\n\n\n<p><strong>Herramienta de facturaci\u00f3n: <\/strong>Factusol<\/p>\n\n\n\n<p><strong>Herramienta de Email marketing: <\/strong>Active Campaign y MailChimp<\/p>\n\n\n\n<p><strong>Herramientas de an\u00e1lisis: <\/strong>Plausible<\/p>\n\n\n\n<p>Tambi\u00e9n puede tener acceso a esta web la empresa de desarrollo y mantenimiento de la membres\u00eda. Las mismas tienen firmado un contrato de prestaci\u00f3n de servicios que les obliga a mantener el mismo nivel de privacidad y seguridad que aplicamos a nuestros tratamientos.<\/p>\n\n\n\n<h3 class=\"wp-block-heading\">Notificaci\u00f3n de seguridad y declaraci\u00f3n de brechas<\/h3>\n\n\n\n<p>ESCUELAWALDORFVALENCIA asume medidas razonables y apropiadas para proteger la informaci\u00f3n personal contra p\u00e9rdida, uso indebido y acceso no autorizado, divulgaci\u00f3n, alteraci\u00f3n y destrucci\u00f3n, teniendo en cuenta los riesgos que conlleva el procesamiento y la naturaleza de la informaci\u00f3n personal que se recaba en esta membres\u00eda, no obstante, si ESCUELAWALDORFVALENCIA, determina que tus datos han sido malversados, se han visto expuestos por una brecha de seguridad o adquiridos de forma incorrecta por un tercero, ESCUELAWALDORFVALENCIA, te informar\u00e1 de inmediato dicha brecha de seguridad,&nbsp; apropiaci\u00f3n o adquisici\u00f3n indebida.<\/p>\n\n\n\n<h2 class=\"wp-block-heading\">Exactitud y veracidad de los datos<\/h2>\n\n\n\n<p>Como usuario, eres el \u00fanico responsable de la veracidad y correcci\u00f3n de los datos que remitas a ESCUELAWALDORFVALENCIA, exonerando a FUNDACI\u00d3N WALDORF VALENCIA DE LA COMUNITAT VALENCIANA de cualquier responsabilidad al respecto.<\/p>\n\n\n\n<p>Los usuarios garantizan y responden, en cualquier caso, de la exactitud, vigencia y autenticidad de los datos personales facilitados, y se comprometen a mantenerlos debidamente actualizados. El usuario acepta proporcionar informaci\u00f3n completa y correcta en el formulario de contacto o suscripci\u00f3n.<\/p>\n\n\n\n<p><strong>Legislaci\u00f3n aplicable y jurisdicci\u00f3n<\/strong><\/p>\n\n\n\n<p>La relaci\u00f3n entre FUNDACI\u00d3N WALDORF VALENCIA DE LA COMUNITAT VALENCIANA y el USUARIO se regir\u00e1 por la normativa espa\u00f1ola vigente y cualquier controversia se someter\u00e1 a los Juzgados y tribunales que corresponda.<\/p>\n\n\n\n<p><strong>Cambios en la pol\u00edtica de privacidad<\/strong><br>ESCUELAWALDORFVALENCIA se reserva el derecho a modificar la presente pol\u00edtica para adaptarla a novedades legislativas o jurisprudenciales, as\u00ed como a pr\u00e1cticas de la industria. En dichos supuestos, FUNDACI\u00d3N WALDORF VALENCIA DE LA COMUNITAT VALENCIANA anunciar\u00e1 en esta p\u00e1gina los cambios introducidos con razonable antelaci\u00f3n a su puesta en pr\u00e1ctica.<\/p>\n","protected":false},"excerpt":{"rendered":"<p>Tu privacidad est\u00e1 garantizada en esta web En esta pol\u00edtica de privacidad se explican las condiciones que se aplican a la hora de capturar, gestionar y almacenar los datos de&#8230;<\/p>\n","protected":false},"author":1,"featured_media":0,"parent":0,"menu_order":0,"comment_status":"closed","ping_status":"closed","template":"template-terms-conditions.php","meta":{"_EventAllDay":false,"_EventTimezone":"","_EventStartDate":"","_EventEndDate":"","_EventStartDateUTC":"","_EventEndDateUTC":"","_EventShowMap":false,"_EventShowMapLink":false,"_EventURL":"","_EventCost":"","_EventCostDescription":"","_EventCurrencySymbol":"","_EventCurrencyCode":"","_EventCurrencyPosition":"","_EventDateTimeSeparator":"","_EventTimeRangeSeparator":"","_EventOrganizerID":[],"_EventVenueID":[],"_OrganizerEmail":"","_OrganizerPhone":"","_OrganizerWebsite":"","_VenueAddress":"","_VenueCity":"","_VenueCountry":"","_VenueProvince":"","_VenueState":"","_VenueZip":"","_VenuePhone":"","_VenueURL":"","_VenueStateProvince":"","_VenueLat":"","_VenueLng":"","_VenueShowMap":false,"_VenueShowMapLink":false,"_front_options":"","footnotes":""},"yoast_head":"<!-- This site is optimized with the Yoast SEO plugin v22.5 - https:\/\/yoast.com\/wordpress\/plugins\/seo\/ -->\n<title>Privacy policy - International Waldorf School Valencia<\/title>\n<meta name=\"robots\" content=\"noindex, follow\" \/>\n<meta property=\"og:locale\" content=\"en_GB\" \/>\n<meta property=\"og:type\" content=\"article\" \/>\n<meta property=\"og:title\" content=\"Privacy policy - International Waldorf School Valencia\" \/>\n<meta property=\"og:description\" content=\"Tu privacidad est\u00e1 garantizada en esta web En esta pol\u00edtica de privacidad se explican las condiciones que se aplican a la hora de capturar, gestionar y almacenar los datos de...\" \/>\n<meta property=\"og:url\" content=\"https:\/\/escuelawaldorfvalencia.com\/en\/privacy-policy\/\" \/>\n<meta property=\"og:site_name\" content=\"International Waldorf School Valencia\" \/>\n<meta property=\"article:modified_time\" content=\"2021-10-21T08:21:43+00:00\" \/>\n<meta name=\"twitter:card\" content=\"summary_large_image\" \/>\n<meta name=\"twitter:label1\" content=\"Estimated reading time\" \/>\n\t<meta name=\"twitter:data1\" content=\"7 minutes\" \/>\n<script type=\"application\/ld+json\" class=\"yoast-schema-graph\">{\"@context\":\"https:\/\/schema.org\",\"@graph\":[{\"@type\":\"WebPage\",\"@id\":\"https:\/\/escuelawaldorfvalencia.com\/en\/privacy-policy\/\",\"url\":\"https:\/\/escuelawaldorfvalencia.com\/en\/privacy-policy\/\",\"name\":\"Privacy policy - International Waldorf School Valencia\",\"isPartOf\":{\"@id\":\"https:\/\/escuelawaldorfvalencia.com\/en\/#website\"},\"datePublished\":\"2020-08-29T05:35:10+00:00\",\"dateModified\":\"2021-10-21T08:21:43+00:00\",\"breadcrumb\":{\"@id\":\"https:\/\/escuelawaldorfvalencia.com\/en\/privacy-policy\/#breadcrumb\"},\"inLanguage\":\"en-GB\",\"potentialAction\":[{\"@type\":\"ReadAction\",\"target\":[\"https:\/\/escuelawaldorfvalencia.com\/en\/privacy-policy\/\"]}]},{\"@type\":\"BreadcrumbList\",\"@id\":\"https:\/\/escuelawaldorfvalencia.com\/en\/privacy-policy\/#breadcrumb\",\"itemListElement\":[{\"@type\":\"ListItem\",\"position\":1,\"name\":\"Portada\",\"item\":\"https:\/\/escuelawaldorfvalencia.com\/en\/\"},{\"@type\":\"ListItem\",\"position\":2,\"name\":\"Privacy policy\"}]},{\"@type\":\"WebSite\",\"@id\":\"https:\/\/escuelawaldorfvalencia.com\/en\/#website\",\"url\":\"https:\/\/escuelawaldorfvalencia.com\/en\/\",\"name\":\"International Waldorf School Valencia\",\"description\":\"\",\"publisher\":{\"@id\":\"https:\/\/escuelawaldorfvalencia.com\/en\/#organization\"},\"potentialAction\":[{\"@type\":\"SearchAction\",\"target\":{\"@type\":\"EntryPoint\",\"urlTemplate\":\"https:\/\/escuelawaldorfvalencia.com\/en\/?s={search_term_string}\"},\"query-input\":\"required name=search_term_string\"}],\"inLanguage\":\"en-GB\"},{\"@type\":\"Organization\",\"@id\":\"https:\/\/escuelawaldorfvalencia.com\/en\/#organization\",\"name\":\"International Waldorf School Valencia\",\"url\":\"https:\/\/escuelawaldorfvalencia.com\/en\/\",\"logo\":{\"@type\":\"ImageObject\",\"inLanguage\":\"en-GB\",\"@id\":\"https:\/\/escuelawaldorfvalencia.com\/en\/#\/schema\/logo\/image\/\",\"url\":\"https:\/\/escuelawaldorfvalencia.com\/en\/wp-content\/uploads\/sites\/2\/2021\/01\/logo-escuela-waldorf-valencia.svg\",\"contentUrl\":\"https:\/\/escuelawaldorfvalencia.com\/en\/wp-content\/uploads\/sites\/2\/2021\/01\/logo-escuela-waldorf-valencia.svg\",\"width\":414,\"height\":167,\"caption\":\"International Waldorf School Valencia\"},\"image\":{\"@id\":\"https:\/\/escuelawaldorfvalencia.com\/en\/#\/schema\/logo\/image\/\"}}]}<\/script>\n<!-- \/ Yoast SEO plugin. -->","yoast_head_json":{"title":"Privacy policy - International Waldorf School Valencia","robots":{"index":"noindex","follow":"follow"},"og_locale":"en_GB","og_type":"article","og_title":"Privacy policy - International Waldorf School Valencia","og_description":"Tu privacidad est\u00e1 garantizada en esta web En esta pol\u00edtica de privacidad se explican las condiciones que se aplican a la hora de capturar, gestionar y almacenar los datos de...","og_url":"https:\/\/escuelawaldorfvalencia.com\/en\/privacy-policy\/","og_site_name":"International Waldorf School Valencia","article_modified_time":"2021-10-21T08:21:43+00:00","twitter_card":"summary_large_image","twitter_misc":{"Estimated reading time":"7 minutes"},"schema":{"@context":"https:\/\/schema.org","@graph":[{"@type":"WebPage","@id":"https:\/\/escuelawaldorfvalencia.com\/en\/privacy-policy\/","url":"https:\/\/escuelawaldorfvalencia.com\/en\/privacy-policy\/","name":"Privacy policy - International Waldorf School Valencia","isPartOf":{"@id":"https:\/\/escuelawaldorfvalencia.com\/en\/#website"},"datePublished":"2020-08-29T05:35:10+00:00","dateModified":"2021-10-21T08:21:43+00:00","breadcrumb":{"@id":"https:\/\/escuelawaldorfvalencia.com\/en\/privacy-policy\/#breadcrumb"},"inLanguage":"en-GB","potentialAction":[{"@type":"ReadAction","target":["https:\/\/escuelawaldorfvalencia.com\/en\/privacy-policy\/"]}]},{"@type":"BreadcrumbList","@id":"https:\/\/escuelawaldorfvalencia.com\/en\/privacy-policy\/#breadcrumb","itemListElement":[{"@type":"ListItem","position":1,"name":"Portada","item":"https:\/\/escuelawaldorfvalencia.com\/en\/"},{"@type":"ListItem","position":2,"name":"Privacy policy"}]},{"@type":"WebSite","@id":"https:\/\/escuelawaldorfvalencia.com\/en\/#website","url":"https:\/\/escuelawaldorfvalencia.com\/en\/","name":"International Waldorf School Valencia","description":"","publisher":{"@id":"https:\/\/escuelawaldorfvalencia.com\/en\/#organization"},"potentialAction":[{"@type":"SearchAction","target":{"@type":"EntryPoint","urlTemplate":"https:\/\/escuelawaldorfvalencia.com\/en\/?s={search_term_string}"},"query-input":"required name=search_term_string"}],"inLanguage":"en-GB"},{"@type":"Organization","@id":"https:\/\/escuelawaldorfvalencia.com\/en\/#organization","name":"International Waldorf School Valencia","url":"https:\/\/escuelawaldorfvalencia.com\/en\/","logo":{"@type":"ImageObject","inLanguage":"en-GB","@id":"https:\/\/escuelawaldorfvalencia.com\/en\/#\/schema\/logo\/image\/","url":"https:\/\/escuelawaldorfvalencia.com\/en\/wp-content\/uploads\/sites\/2\/2021\/01\/logo-escuela-waldorf-valencia.svg","contentUrl":"https:\/\/escuelawaldorfvalencia.com\/en\/wp-content\/uploads\/sites\/2\/2021\/01\/logo-escuela-waldorf-valencia.svg","width":414,"height":167,"caption":"International Waldorf School Valencia"},"image":{"@id":"https:\/\/escuelawaldorfvalencia.com\/en\/#\/schema\/logo\/image\/"}}]}},"_links":{"self":[{"href":"https:\/\/escuelawaldorfvalencia.com\/en\/wp-json\/wp\/v2\/pages\/3"}],"collection":[{"href":"https:\/\/escuelawaldorfvalencia.com\/en\/wp-json\/wp\/v2\/pages"}],"about":[{"href":"https:\/\/escuelawaldorfvalencia.com\/en\/wp-json\/wp\/v2\/types\/page"}],"author":[{"embeddable":true,"href":"https:\/\/escuelawaldorfvalencia.com\/en\/wp-json\/wp\/v2\/users\/1"}],"replies":[{"embeddable":true,"href":"https:\/\/escuelawaldorfvalencia.com\/en\/wp-json\/wp\/v2\/comments?post=3"}],"version-history":[{"count":8,"href":"https:\/\/escuelawaldorfvalencia.com\/en\/wp-json\/wp\/v2\/pages\/3\/revisions"}],"predecessor-version":[{"id":12260,"href":"https:\/\/escuelawaldorfvalencia.com\/en\/wp-json\/wp\/v2\/pages\/3\/revisions\/12260"}],"wp:attachment":[{"href":"https:\/\/escuelawaldorfvalencia.com\/en\/wp-json\/wp\/v2\/media?parent=3"}],"curies":[{"name":"wp","href":"https:\/\/api.w.org\/{rel}","templated":true}]}}